{"id":843,"date":"2020-12-07T18:11:13","date_gmt":"2020-12-07T17:11:13","guid":{"rendered":"https:\/\/www.niederkoflerbau.it\/?page_id=843"},"modified":"2024-01-15T18:07:45","modified_gmt":"2024-01-15T17:07:45","slug":"altbausanierung","status":"publish","type":"page","link":"https:\/\/www.niederkoflerbau.it\/de\/altbausanierung\/","title":{"rendered":"Altbausanierung"},"content":{"rendered":"<p>[et_pb_section fb_built=&#8220;1&#8243; custom_padding_last_edited=&#8220;on|desktop&#8220; admin_label=&#8220;Header&#8220; _builder_version=&#8220;4.9.4&#8243; background_color_gradient_direction=&#8220;90deg&#8220; background_image=&#8220;https:\/\/www.niederkoflerbau.it\/wp-content\/uploads\/2020\/08\/niederkofler-bau-img.bg-menu-marmor-schwarz-1920x984px-shst-460149775.jpg&#8220; custom_padding=&#8220;10vw||6vw||false|false&#8220; custom_padding_tablet=&#8220;25vw||||false|false&#8220; custom_padding_phone=&#8220;40vw||6vw||false|false&#8220; locked=&#8220;off&#8220;][et_pb_row _builder_version=&#8220;4.6.0&#8243; max_width=&#8220;1200px&#8220; custom_padding=&#8220;4%|4%|4%|4%|true|true&#8220; border_color_all=&#8220;#16252D&#8220; border_width_bottom=&#8220;8px&#8220; border_color_bottom=&#8220;#9ba1a8&#8243; border_width_left=&#8220;8px&#8220; border_color_left=&#8220;#9ba1a8&#8243; locked=&#8220;off&#8220;][et_pb_column type=&#8220;4_4&#8243; _builder_version=&#8220;4.4.6&#8243;][et_pb_text admin_label=&#8220;Altbausanierung&#8220; _builder_version=&#8220;4.9.4&#8243; text_text_color=&#8220;#CCC8CE&#8220; text_font_size=&#8220;60px&#8220; text_line_height=&#8220;1.4em&#8220; header_font=&#8220;||||||||&#8220; header_text_color=&#8220;#CCC8CE&#8220; header_font_size=&#8220;60px&#8220; header_line_height=&#8220;1.4em&#8220; header_2_text_color=&#8220;#ccc8ce&#8220; header_2_font_size=&#8220;60px&#8220; background_layout=&#8220;dark&#8220; text_font_size_tablet=&#8220;40px&#8220; text_font_size_phone=&#8220;24px&#8220; text_font_size_last_edited=&#8220;on|phone&#8220; header_font_size_tablet=&#8220;40px&#8220; header_font_size_phone=&#8220;24px&#8220; header_font_size_last_edited=&#8220;on|phone&#8220; header_2_font_size_tablet=&#8220;40px&#8220; header_2_font_size_phone=&#8220;24px&#8220; header_2_font_size_last_edited=&#8220;on|phone&#8220; locked=&#8220;off&#8220;]<\/p>\n<h1>Altbausanierung<\/h1>\n<p>[\/et_pb_text][\/et_pb_column][\/et_pb_row][et_pb_row _builder_version=&#8220;4.9.4&#8243;][et_pb_column type=&#8220;4_4&#8243; _builder_version=&#8220;4.4.7&#8243;][et_pb_text admin_label=&#8220;Kontakt&#8220; _builder_version=&#8220;4.9.3&#8243; _dynamic_attributes=&#8220;link_option_url&#8220; text_text_color=&#8220;#ccc8ce&#8220; text_font_size=&#8220;40px&#8220; header_2_font=&#8220;Heebo|700||on|||||&#8220; header_2_text_color=&#8220;#ffe7af&#8220; header_2_font_size=&#8220;18px&#8220; header_2_letter_spacing=&#8220;4px&#8220; header_2_line_height=&#8220;1.8em&#8220; text_orientation=&#8220;right&#8220; link_option_url=&#8220;@ET-DC@eyJkeW5hbWljIjp0cnVlLCJjb250ZW50IjoicG9zdF9saW5rX3VybF9wYWdlIiwic2V0dGluZ3MiOnsicG9zdF9pZCI6IjE2NzcifX0=@&#8220; text_font_size_tablet=&#8220;30px&#8220; text_font_size_phone=&#8220;24px&#8220; text_font_size_last_edited=&#8220;on|phone&#8220; header_2_font_size_tablet=&#8220;16px&#8220; header_2_font_size_phone=&#8220;14px&#8220; header_2_font_size_last_edited=&#8220;on|phone&#8220; locked=&#8220;off&#8220;]<\/p>\n<p>Kontakt<\/p>\n<p>[\/et_pb_text][\/et_pb_column][\/et_pb_row][\/et_pb_section][et_pb_section fb_built=&#8220;1&#8243; custom_padding_last_edited=&#8220;off|desktop&#8220; admin_label=&#8220;Content Titel&#8220; _builder_version=&#8220;4.9.4&#8243; custom_padding=&#8220;0px||0px||true|false&#8220; custom_padding_tablet=&#8220;60px||60px||true|false&#8220; custom_padding_phone=&#8220;40px||40px||true|false&#8220; locked=&#8220;off&#8220;][et_pb_row use_custom_gutter=&#8220;on&#8220; gutter_width=&#8220;2&#8243; make_equal=&#8220;on&#8220; custom_padding_last_edited=&#8220;off|desktop&#8220; _builder_version=&#8220;4.4.7&#8243; max_width=&#8220;1200px&#8220; custom_padding=&#8220;6%|4%|6%|4%|true|true&#8220; custom_padding_tablet=&#8220;50px||50px|30px|false|false&#8220; border_width_left=&#8220;8px&#8220; border_color_left=&#8220;#F4F4F5&#8243;][et_pb_column type=&#8220;4_4&#8243; _builder_version=&#8220;4.4.6&#8243;][et_pb_text admin_label=&#8220;Bauen im Einklang mit der Natur&#8220; _builder_version=&#8220;4.9.2&#8243; text_text_color=&#8220;#3B3B3A&#8220; text_font_size=&#8220;2.6rem&#8220; text_line_height=&#8220;1.4em&#8220; header_font_size=&#8220;4rem&#8220; header_line_height=&#8220;1.5em&#8220; header_6_font=&#8220;Heebo|700||on|||||&#8220; header_6_letter_spacing=&#8220;3px&#8220; header_6_line_height=&#8220;2em&#8220; background_layout=&#8220;dark&#8220; text_font_size_tablet=&#8220;2.2rem&#8220; text_font_size_phone=&#8220;1.9rem&#8220; text_font_size_last_edited=&#8220;on|phone&#8220; header_font_size_tablet=&#8220;2.5rem&#8220; header_font_size_phone=&#8220;1.6rem&#8220; header_font_size_last_edited=&#8220;on|phone&#8220; header_line_height_tablet=&#8220;&#8220; header_line_height_phone=&#8220;&#8220; header_line_height_last_edited=&#8220;on|phone&#8220; locked=&#8220;off&#8220;]<\/p>\n<p>Altes Erhalten &#8211; Neues Gestalten<\/p>\n<p>[\/et_pb_text][\/et_pb_column][\/et_pb_row][\/et_pb_section][et_pb_section fb_built=&#8220;1&#8243; admin_label=&#8220;Content Text&#8220; _builder_version=&#8220;4.9.2&#8243; custom_padding=&#8220;0px||0px||true|false&#8220;][et_pb_row column_structure=&#8220;3_4,1_4&#8243; use_custom_gutter=&#8220;on&#8220; gutter_width=&#8220;2&#8243; make_equal=&#8220;on&#8220; custom_padding_last_edited=&#8220;off|desktop&#8220; _builder_version=&#8220;4.9.4&#8243; max_width=&#8220;1200px&#8220; custom_padding=&#8220;0px||||false|false&#8220; custom_padding_tablet=&#8220;|||30px|false|false&#8220;][et_pb_column type=&#8220;3_4&#8243; _builder_version=&#8220;4.4.7&#8243; background_color=&#8220;#f4f4f5&#8243; custom_padding=&#8220;6%|6%|6%|6%|true|true&#8220;][et_pb_text admin_label=&#8220;Text Altbausanierung&#8220; _builder_version=&#8220;4.9.4&#8243; _module_preset=&#8220;default&#8220; text_font=&#8220;||||||||&#8220; text_text_color=&#8220;#3b3b3a&#8220; text_font_size=&#8220;1.2rem&#8220; text_line_height=&#8220;2em&#8220; text_font_size_tablet=&#8220;1.1rem&#8220; text_font_size_phone=&#8220;1rem&#8220; text_font_size_last_edited=&#8220;on|phone&#8220;]<\/p>\n<p>Altbausanierung mit B\u00fcndelung der Kompetenzen ist unser<br \/>Motto. Unsere fachkundigen Fliesenleger und Maurer<br \/>bringen H\u00e4user, Wohnungen und B\u00e4der ohne Umwege auf<br \/>den neuesten Stand.<br \/>Mit viel Liebe zum Detail und handwerklichem Geschick<br \/>schaffen wir zeitgem\u00e4\u00dfe R\u00e4ume, die den Bed\u00fcrfnissen<br \/>unserer Kunden entsprechen. Setzen Sie auf unsere<br \/>langj\u00e4hrige Erfahrung und lassen Sie uns Ihr Projekt<br \/>gemeinsam in die Zukunft f\u00fchren!<\/p>\n<p>[\/et_pb_text][\/et_pb_column][et_pb_column type=&#8220;1_4&#8243; _builder_version=&#8220;4.6.0&#8243; background_color=&#8220;#c01710&#8243;][\/et_pb_column][\/et_pb_row][et_pb_row _builder_version=&#8220;4.9.4&#8243; _module_preset=&#8220;default&#8220;][et_pb_column type=&#8220;4_4&#8243; _builder_version=&#8220;4.9.4&#8243; _module_preset=&#8220;default&#8220;][et_pb_gallery gallery_ids=&#8220;2519,2517,2530,2523,2521&#8243; fullwidth=&#8220;on&#8220; _builder_version=&#8220;4.9.4&#8243; _module_preset=&#8220;default&#8220;][\/et_pb_gallery][\/et_pb_column][\/et_pb_row][et_pb_row _builder_version=&#8220;4.9.4&#8243; _module_preset=&#8220;default&#8220;][et_pb_column _builder_version=&#8220;4.9.4&#8243; _module_preset=&#8220;default&#8220; type=&#8220;4_4&#8243;][et_pb_blurb title=&#8220;Info&#8220; image=&#8220;https:\/\/www.niederkoflerbau.it\/wp-content\/uploads\/2020\/07\/niederkofler-bau-favicon-512px.png&#8220; _builder_version=&#8220;4.9.4&#8243; _module_preset=&#8220;default&#8220; title_text=&#8220;niederkofler-bau-favicon-512px&#8220; hover_enabled=&#8220;0&#8243; sticky_enabled=&#8220;0&#8243; icon_placement=&#8220;left&#8220;]<\/p>\n<p>Sanierung eines Bauernhauses in Trens<\/p>\n<p>[\/et_pb_blurb][\/et_pb_column][\/et_pb_row][\/et_pb_section][et_pb_section fb_built=&#8220;1&#8243; custom_padding_last_edited=&#8220;off|desktop&#8220; disabled_on=&#8220;on|on|on&#8220; admin_label=&#8220;Content Text&#8220; _builder_version=&#8220;4.9.2&#8243; background_color=&#8220;rgba(0,0,0,0)&#8220; custom_padding_tablet=&#8220;80px||||false|false&#8220; custom_padding_phone=&#8220;40px||||false|false&#8220; locked=&#8220;off&#8220; body_font_size_tablet=&#8220;1.1rem&#8220; body_font_size_phone=&#8220;1rem&#8220; body_font_size_last_edited=&#8220;on|phone&#8220;][et_pb_row column_structure=&#8220;1_2,1_2&#8243; use_custom_gutter=&#8220;on&#8220; gutter_width=&#8220;4&#8243; custom_padding_last_edited=&#8220;off|desktop&#8220; disabled_on=&#8220;on|on|on&#8220; admin_label=&#8220;Zeile&#8220; _builder_version=&#8220;4.9.2&#8243; max_width=&#8220;1200px&#8220; custom_padding_tablet=&#8220;|30px||30px|false|true&#8220; custom_padding_phone=&#8220;|30px||30px|false|true&#8220; disabled=&#8220;on&#8220;][et_pb_column type=&#8220;1_2&#8243; _builder_version=&#8220;4.4.7&#8243; custom_padding=&#8220;8%||8%|4%|true|false&#8220; custom_padding_tablet=&#8220;||50px||false|false&#8220; custom_padding_phone=&#8220;||30px||false|false&#8220; custom_padding_last_edited=&#8220;on|tablet&#8220; border_width_all=&#8220;8px&#8220; border_color_all=&#8220;#e7e8e8&#8243;][et_pb_image src=&#8220;https:\/\/www.niederkoflerbau.it\/wp-content\/uploads\/2020\/12\/niederkofler-bau-platzhalter-01-1280x996px.jpg&#8220; title_text=&#8220;niederkofler-bau-platzhalter-01-1280x996px&#8220; _builder_version=&#8220;4.7.4&#8243; custom_margin=&#8220;|-9%|||false|false&#8220; custom_margin_tablet=&#8220;|9%|||false|false&#8220; custom_margin_phone=&#8220;&#8220; custom_margin_last_edited=&#8220;on|tablet&#8220; border_color_all=&#8220;rgba(0,0,0,0)&#8220; border_width_right=&#8220;20px&#8220; box_shadow_style=&#8220;preset4&#8243; box_shadow_horizontal=&#8220;32px&#8220; box_shadow_vertical=&#8220;0px&#8220; box_shadow_color=&#8220;#c01710&#8243; box_shadow_horizontal_tablet=&#8220;&#8220; box_shadow_horizontal_phone=&#8220;16px&#8220; box_shadow_horizontal_last_edited=&#8220;on|desktop&#8220; locked=&#8220;off&#8220;][\/et_pb_image][\/et_pb_column][et_pb_column type=&#8220;1_2&#8243; _builder_version=&#8220;4.7.4&#8243; positioning=&#8220;absolute&#8220; position_origin_a=&#8220;center_right&#8220; position_origin_a_tablet=&#8220;&#8220; position_origin_a_phone=&#8220;&#8220; position_origin_a_last_edited=&#8220;on|phone&#8220; position_origin_f_tablet=&#8220;&#8220; position_origin_f_phone=&#8220;&#8220; position_origin_f_last_edited=&#8220;on|phone&#8220; position_origin_r_tablet=&#8220;&#8220; position_origin_r_phone=&#8220;&#8220; position_origin_r_last_edited=&#8220;on|phone&#8220; custom_padding=&#8220;|40px|||false|false&#8220; custom_padding_tablet=&#8220;|30px|||false|false&#8220; custom_padding_phone=&#8220;|20px|||false|false&#8220; custom_padding_last_edited=&#8220;on|phone&#8220; positioning_tablet=&#8220;relative&#8220; positioning_phone=&#8220;&#8220; positioning_last_edited=&#8220;on|tablet&#8220;][et_pb_text admin_label=&#8220;Naturstein in Drainagem\u00f6rtel verlegen&#8220; _builder_version=&#8220;4.9.2&#8243; text_font=&#8220;||||||||&#8220; text_text_color=&#8220;#3b3b3a&#8220; text_font_size=&#8220;1.2rem&#8220; text_line_height=&#8220;2em&#8220; header_font_size=&#8220;4rem&#8220; header_line_height=&#8220;1.5em&#8220; header_2_font_size=&#8220;2.4rem&#8220; header_2_line_height=&#8220;1.4em&#8220; header_6_font=&#8220;Heebo|700||on|||||&#8220; header_6_letter_spacing=&#8220;3px&#8220; header_6_line_height=&#8220;2em&#8220; positioning=&#8220;absolute&#8220; position_origin_a=&#8220;center_left&#8220; position_origin_a_tablet=&#8220;&#8220; position_origin_a_phone=&#8220;&#8220; position_origin_a_last_edited=&#8220;on|tablet&#8220; position_origin_f_tablet=&#8220;&#8220; position_origin_f_phone=&#8220;&#8220; position_origin_f_last_edited=&#8220;on|tablet&#8220; position_origin_r_tablet=&#8220;&#8220; position_origin_r_phone=&#8220;&#8220; position_origin_r_last_edited=&#8220;on|tablet&#8220; max_width=&#8220;800px&#8220; text_font_size_tablet=&#8220;1.1rem&#8220; text_font_size_phone=&#8220;1rem&#8220; text_font_size_last_edited=&#8220;on|phone&#8220; header_font_size_tablet=&#8220;2.5rem&#8220; header_font_size_phone=&#8220;1.6rem&#8220; header_font_size_last_edited=&#8220;on|phone&#8220; header_line_height_tablet=&#8220;&#8220; header_line_height_phone=&#8220;&#8220; header_line_height_last_edited=&#8220;on|phone&#8220; header_2_font_size_tablet=&#8220;2rem&#8220; header_2_font_size_phone=&#8220;1.7rem&#8220; header_2_font_size_last_edited=&#8220;on|phone&#8220; positioning_tablet=&#8220;relative&#8220; positioning_phone=&#8220;&#8220; positioning_last_edited=&#8220;on|tablet&#8220; locked=&#8220;off&#8220;]<\/p>\n<h2>Naturstein in Drainagem\u00f6rtel verlegen<\/h2>\n<p>Eine sichere Methode im Au\u00dfenbereich ist die Verlegung von Naturstein in Drainagem\u00f6rtel. Um Frostsch\u00e4den vorzubeugen, ist bei der Verlegung darauf zu achten, dass Wasser im Untergrund abflie\u00dfen kann.<br \/>\nDer Drainagem\u00f6rtel wird aufgebracht und abgezogen. Auf der R\u00fcckseite der zu verlegenden Platten wird D\u00fcnnbettm\u00f6rtel aufgetragen, ehe diese in das frische Drainagem\u00f6rtelbett eingelegt werden.[\/et_pb_text][\/et_pb_column][\/et_pb_row][\/et_pb_section][et_pb_section fb_built=&#8220;1&#8243; custom_padding_last_edited=&#8220;off|desktop&#8220; disabled_on=&#8220;on|on|on&#8220; admin_label=&#8220;Content Text&#8220; _builder_version=&#8220;4.9.2&#8243; background_color=&#8220;rgba(0,0,0,0)&#8220; custom_padding_tablet=&#8220;80px||||false|false&#8220; custom_padding_phone=&#8220;40px||||false|false&#8220; locked=&#8220;off&#8220; body_font_size_tablet=&#8220;1.1rem&#8220; body_font_size_phone=&#8220;1rem&#8220; body_font_size_last_edited=&#8220;on|phone&#8220;][et_pb_row column_structure=&#8220;1_2,1_2&#8243; use_custom_gutter=&#8220;on&#8220; gutter_width=&#8220;4&#8243; custom_padding_last_edited=&#8220;off|desktop&#8220; disabled_on=&#8220;on|on|on&#8220; admin_label=&#8220;Zeile&#8220; _builder_version=&#8220;4.9.2&#8243; max_width=&#8220;1200px&#8220; custom_padding_tablet=&#8220;|30px||30px|false|true&#8220; custom_padding_phone=&#8220;|30px||30px|false|true&#8220; disabled=&#8220;on&#8220;][et_pb_column type=&#8220;1_2&#8243; _builder_version=&#8220;4.4.7&#8243; custom_padding=&#8220;8%||8%|4%|true|false&#8220; custom_padding_tablet=&#8220;||50px||false|false&#8220; custom_padding_phone=&#8220;||30px||false|false&#8220; custom_padding_last_edited=&#8220;on|tablet&#8220; border_width_all=&#8220;8px&#8220; border_color_all=&#8220;#e7e8e8&#8243;][et_pb_image src=&#8220;https:\/\/www.niederkoflerbau.it\/wp-content\/uploads\/2020\/12\/niederkofler-bau-platzhalter-01-1280x996px.jpg&#8220; title_text=&#8220;niederkofler-bau-platzhalter-01-1280x996px&#8220; _builder_version=&#8220;4.7.4&#8243; custom_margin=&#8220;|-9%|||false|false&#8220; custom_margin_tablet=&#8220;|9%|||false|false&#8220; custom_margin_phone=&#8220;&#8220; custom_margin_last_edited=&#8220;on|tablet&#8220; border_color_all=&#8220;rgba(0,0,0,0)&#8220; border_width_right=&#8220;20px&#8220; box_shadow_style=&#8220;preset4&#8243; box_shadow_horizontal=&#8220;32px&#8220; box_shadow_vertical=&#8220;0px&#8220; box_shadow_color=&#8220;#c01710&#8243; box_shadow_horizontal_tablet=&#8220;&#8220; box_shadow_horizontal_phone=&#8220;16px&#8220; box_shadow_horizontal_last_edited=&#8220;on|desktop&#8220; locked=&#8220;off&#8220;][\/et_pb_image][\/et_pb_column][et_pb_column type=&#8220;1_2&#8243; _builder_version=&#8220;4.7.4&#8243; positioning=&#8220;absolute&#8220; position_origin_a=&#8220;center_right&#8220; position_origin_a_tablet=&#8220;&#8220; position_origin_a_phone=&#8220;&#8220; position_origin_a_last_edited=&#8220;on|phone&#8220; position_origin_f_tablet=&#8220;&#8220; position_origin_f_phone=&#8220;&#8220; position_origin_f_last_edited=&#8220;on|phone&#8220; position_origin_r_tablet=&#8220;&#8220; position_origin_r_phone=&#8220;&#8220; position_origin_r_last_edited=&#8220;on|phone&#8220; custom_padding=&#8220;|40px|||false|false&#8220; custom_padding_tablet=&#8220;|30px|||false|false&#8220; custom_padding_phone=&#8220;|20px|||false|false&#8220; custom_padding_last_edited=&#8220;on|phone&#8220; positioning_tablet=&#8220;relative&#8220; positioning_phone=&#8220;&#8220; positioning_last_edited=&#8220;on|tablet&#8220;][et_pb_text admin_label=&#8220;Naturstein auf Epoxidharz-Drainestrich&#8220; _builder_version=&#8220;4.9.2&#8243; text_font=&#8220;||||||||&#8220; text_text_color=&#8220;#3b3b3a&#8220; text_font_size=&#8220;1.2rem&#8220; text_line_height=&#8220;2em&#8220; header_font_size=&#8220;4rem&#8220; header_line_height=&#8220;1.5em&#8220; header_2_font_size=&#8220;2.4rem&#8220; header_2_line_height=&#8220;1.4em&#8220; header_6_font=&#8220;Heebo|700||on|||||&#8220; header_6_letter_spacing=&#8220;3px&#8220; header_6_line_height=&#8220;2em&#8220; positioning=&#8220;absolute&#8220; position_origin_a=&#8220;center_left&#8220; position_origin_a_tablet=&#8220;&#8220; position_origin_a_phone=&#8220;&#8220; position_origin_a_last_edited=&#8220;on|tablet&#8220; position_origin_f_tablet=&#8220;&#8220; position_origin_f_phone=&#8220;&#8220; position_origin_f_last_edited=&#8220;on|tablet&#8220; position_origin_r_tablet=&#8220;&#8220; position_origin_r_phone=&#8220;&#8220; position_origin_r_last_edited=&#8220;on|tablet&#8220; max_width=&#8220;800px&#8220; text_font_size_tablet=&#8220;1.1rem&#8220; text_font_size_phone=&#8220;1rem&#8220; text_font_size_last_edited=&#8220;on|phone&#8220; header_font_size_tablet=&#8220;2.5rem&#8220; header_font_size_phone=&#8220;1.6rem&#8220; header_font_size_last_edited=&#8220;on|phone&#8220; header_line_height_tablet=&#8220;&#8220; header_line_height_phone=&#8220;&#8220; header_line_height_last_edited=&#8220;on|phone&#8220; header_2_font_size_tablet=&#8220;2rem&#8220; header_2_font_size_phone=&#8220;1.7rem&#8220; header_2_font_size_last_edited=&#8220;on|phone&#8220; positioning_tablet=&#8220;relative&#8220; positioning_phone=&#8220;&#8220; positioning_last_edited=&#8220;on|tablet&#8220; locked=&#8220;off&#8220;]<\/p>\n<h2>Naturstein auf Epoxidharz-Drainestrich<\/h2>\n<p>Vorteile der groben Quarzkiesk\u00f6rnung mit Epoxidharz als Bindemittel sind die m\u00f6glichen geringen Aufbauh\u00f6hen, es gibt keine Ausbl\u00fchungen, und die Verarbeitung ist unabh\u00e4ngiger von den Au\u00dfentemperaturen, da kein Zement als Bindemittel verwendet wird. Natursteinplatten oder Terrassenfliesen k\u00f6nnen bereits nach einem Tag, mittels Epoxidharz oder im Gemisch mit Quarzsand sogar unmittelbar verlegt werden. Durch die Epoxidharzverklebung hat der Plattenbelag eine sehr gute Haftung. Es werden keine Dehnungsfugen ben\u00f6tigt.[\/et_pb_text][\/et_pb_column][\/et_pb_row][\/et_pb_section][et_pb_section fb_built=&#8220;1&#8243; admin_label=&#8220;Blog&#8220; _builder_version=&#8220;4.4.7&#8243; locked=&#8220;off&#8220;][et_pb_row admin_label=&#8220;Zeile&#8220; _builder_version=&#8220;4.2.2&#8243; background_enable_color=&#8220;off&#8220; locked=&#8220;off&#8220;][et_pb_column type=&#8220;4_4&#8243; _builder_version=&#8220;4.2.2&#8243;][et_pb_text _builder_version=&#8220;4.7.4&#8243; header_font_size=&#8220;4rem&#8220; header_line_height=&#8220;1.5em&#8220; header_2_font_size=&#8220;2.5rem&#8220; header_2_line_height=&#8220;2em&#8220; header_3_font_size=&#8220;2.5rem&#8220; header_3_line_height=&#8220;2em&#8220; header_6_font=&#8220;Heebo|700||on|||||&#8220; header_6_letter_spacing=&#8220;3px&#8220; header_6_line_height=&#8220;2em&#8220; custom_padding_tablet=&#8220;|||0px|false|false&#8220; custom_padding_last_edited=&#8220;off|desktop&#8220; header_font_size_tablet=&#8220;2.5rem&#8220; header_font_size_phone=&#8220;1.6rem&#8220; header_font_size_last_edited=&#8220;on|phone&#8220; header_line_height_tablet=&#8220;&#8220; header_line_height_phone=&#8220;&#8220; header_line_height_last_edited=&#8220;on|phone&#8220; header_2_font_size_tablet=&#8220;2rem&#8220; header_2_font_size_phone=&#8220;1.7rem&#8220; header_2_font_size_last_edited=&#8220;on|desktop&#8220; header_3_font_size_tablet=&#8220;2rem&#8220; header_3_font_size_phone=&#8220;1.7rem&#8220; header_3_font_size_last_edited=&#8220;on|desktop&#8220; locked=&#8220;off&#8220;]<\/p>\n<h3>Neueste Blog-Beitr\u00e4ge<\/h3>\n<p>[\/et_pb_text][et_pb_blog fullwidth=&#8220;off&#8220; posts_number=&#8220;3&#8243; use_manual_excerpt=&#8220;off&#8220; show_author=&#8220;off&#8220; show_date=&#8220;off&#8220; show_categories=&#8220;off&#8220; show_pagination=&#8220;off&#8220; use_overlay=&#8220;on&#8220; overlay_icon_color=&#8220;#000000&#8243; _builder_version=&#8220;4.4.7&#8243; header_font=&#8220;Heebo|900|||||||&#8220; header_line_height=&#8220;1.3em&#8220; body_font=&#8220;||||||||&#8220; body_line_height=&#8220;2em&#8220; meta_font=&#8220;|700|||||||&#8220; meta_font_size=&#8220;16px&#8220; meta_line_height=&#8220;1.8em&#8220; pagination_font=&#8220;Heebo|900|||||||&#8220; pagination_text_color=&#8220;#000000&#8243; pagination_font_size=&#8220;24px&#8220; pagination_line_height=&#8220;1.8em&#8220; background_enable_color=&#8220;off&#8220; link_option_url=&#8220;#&#8220; header_font_size_tablet=&#8220;20px&#8220; header_font_size_phone=&#8220;18px&#8220; header_font_size_last_edited=&#8220;off|desktop&#8220; body_font_size_tablet=&#8220;14px&#8220; body_font_size_phone=&#8220;14px&#8220; body_font_size_last_edited=&#8220;off|desktop&#8220; body_line_height_phone=&#8220;1.6em&#8220; body_line_height_last_edited=&#8220;off|desktop&#8220; meta_font_size_tablet=&#8220;14px&#8220; meta_font_size_phone=&#8220;&#8220; meta_font_size_last_edited=&#8220;on|phone&#8220; pagination_font_size_tablet=&#8220;20px&#8220; pagination_font_size_phone=&#8220;16px&#8220; pagination_font_size_last_edited=&#8220;on|phone&#8220; border_width_all=&#8220;0px&#8220;][\/et_pb_blog][\/et_pb_column][\/et_pb_row][\/et_pb_section]<\/p>\n","protected":false},"excerpt":{"rendered":"<p>AltbausanierungKontaktAltes Erhalten &#8211; Neues GestaltenAltbausanierung mit B\u00fcndelung der Kompetenzen ist unserMotto. Unsere fachkundigen Fliesenleger und Maurerbringen H\u00e4user, Wohnungen und B\u00e4der ohne Umwege aufden neuesten Stand.Mit viel Liebe zum Detail und handwerklichem Geschickschaffen wir zeitgem\u00e4\u00dfe R\u00e4ume, die den Bed\u00fcrfnissenunserer Kunden entsprechen. Setzen Sie auf unserelangj\u00e4hrige Erfahrung und lassen Sie uns Ihr Projektgemeinsam in die Zukunft f\u00fchren!Sanierung [&hellip;]<\/p>\n","protected":false},"author":1,"featured_media":0,"parent":0,"menu_order":0,"comment_status":"closed","ping_status":"closed","template":"","meta":{"_et_pb_use_builder":"on","_et_pb_old_content":"","_et_gb_content_width":"","footnotes":""},"_links":{"self":[{"href":"https:\/\/www.niederkoflerbau.it\/de\/wp-json\/wp\/v2\/pages\/843"}],"collection":[{"href":"https:\/\/www.niederkoflerbau.it\/de\/wp-json\/wp\/v2\/pages"}],"about":[{"href":"https:\/\/www.niederkoflerbau.it\/de\/wp-json\/wp\/v2\/types\/page"}],"author":[{"embeddable":true,"href":"https:\/\/www.niederkoflerbau.it\/de\/wp-json\/wp\/v2\/users\/1"}],"replies":[{"embeddable":true,"href":"https:\/\/www.niederkoflerbau.it\/de\/wp-json\/wp\/v2\/comments?post=843"}],"version-history":[{"count":47,"href":"https:\/\/www.niederkoflerbau.it\/de\/wp-json\/wp\/v2\/pages\/843\/revisions"}],"predecessor-version":[{"id":2537,"href":"https:\/\/www.niederkoflerbau.it\/de\/wp-json\/wp\/v2\/pages\/843\/revisions\/2537"}],"wp:attachment":[{"href":"https:\/\/www.niederkoflerbau.it\/de\/wp-json\/wp\/v2\/media?parent=843"}],"curies":[{"name":"wp","href":"https:\/\/api.w.org\/{rel}","templated":true}]}}