{"id":871,"date":"2020-12-07T18:35:05","date_gmt":"2020-12-07T17:35:05","guid":{"rendered":"https:\/\/www.niederkoflerbau.it\/?page_id=871"},"modified":"2024-02-15T16:33:29","modified_gmt":"2024-02-15T15:33:29","slug":"badsanierung-mauerarbeiten","status":"publish","type":"page","link":"https:\/\/www.niederkoflerbau.it\/de\/badsanierung-mauerarbeiten\/","title":{"rendered":"Badsanierung und Mauerarbeiten"},"content":{"rendered":"<p>[et_pb_section fb_built=&#8220;1&#8243; custom_padding_last_edited=&#8220;on|desktop&#8220; admin_label=&#8220;Header&#8220; _builder_version=&#8220;4.6.0&#8243; background_color_gradient_direction=&#8220;90deg&#8220; background_image=&#8220;https:\/\/www.niederkoflerbau.it\/wp-content\/uploads\/2020\/08\/niederkofler-bau-img.bg-menu-marmor-schwarz-1920x984px-shst-460149775.jpg&#8220; custom_padding=&#8220;10vw||6vw||false|false&#8220; custom_padding_tablet=&#8220;25vw||||false|false&#8220; custom_padding_phone=&#8220;40vw||6vw||false|false&#8220; locked=&#8220;off&#8220;][et_pb_row _builder_version=&#8220;4.6.0&#8243; max_width=&#8220;1200px&#8220; custom_padding=&#8220;4%|4%|4%|4%|true|true&#8220; border_color_all=&#8220;#16252D&#8220; border_width_bottom=&#8220;8px&#8220; border_color_bottom=&#8220;#9ba1a8&#8243; border_width_left=&#8220;8px&#8220; border_color_left=&#8220;#9ba1a8&#8243; locked=&#8220;off&#8220;][et_pb_column type=&#8220;4_4&#8243; _builder_version=&#8220;4.4.6&#8243;][et_pb_text admin_label=&#8220;Badsanierung &#038; Maurerarbeiten&#8220; _builder_version=&#8220;4.9.2&#8243; text_text_color=&#8220;#CCC8CE&#8220; text_font_size=&#8220;60px&#8220; text_line_height=&#8220;1.4em&#8220; header_font=&#8220;||||||||&#8220; header_text_color=&#8220;#CCC8CE&#8220; header_font_size=&#8220;60px&#8220; header_line_height=&#8220;1.4em&#8220; header_2_text_color=&#8220;#ccc8ce&#8220; header_2_font_size=&#8220;60px&#8220; background_layout=&#8220;dark&#8220; text_font_size_tablet=&#8220;40px&#8220; text_font_size_phone=&#8220;24px&#8220; text_font_size_last_edited=&#8220;on|phone&#8220; header_font_size_tablet=&#8220;40px&#8220; header_font_size_phone=&#8220;24px&#8220; header_font_size_last_edited=&#8220;on|phone&#8220; header_2_font_size_tablet=&#8220;40px&#8220; header_2_font_size_phone=&#8220;24px&#8220; header_2_font_size_last_edited=&#8220;on|phone&#8220; locked=&#8220;off&#8220;]<\/p>\n<h1>Badsanierung &#038; Maurerarbeiten<\/h1>\n<p>[\/et_pb_text][\/et_pb_column][\/et_pb_row][et_pb_row _builder_version=&#8220;4.4.7&#8243;][et_pb_column type=&#8220;4_4&#8243; _builder_version=&#8220;4.4.7&#8243;][et_pb_text admin_label=&#8220;Kontakt&#8220; _builder_version=&#8220;4.9.3&#8243; _dynamic_attributes=&#8220;link_option_url&#8220; text_text_color=&#8220;#ccc8ce&#8220; text_font_size=&#8220;40px&#8220; header_2_font=&#8220;Heebo|700||on|||||&#8220; header_2_text_color=&#8220;#ffe7af&#8220; header_2_font_size=&#8220;18px&#8220; header_2_letter_spacing=&#8220;4px&#8220; header_2_line_height=&#8220;1.8em&#8220; text_orientation=&#8220;right&#8220; link_option_url=&#8220;@ET-DC@eyJkeW5hbWljIjp0cnVlLCJjb250ZW50IjoicG9zdF9saW5rX3VybF9wYWdlIiwic2V0dGluZ3MiOnsicG9zdF9pZCI6IjE2NzcifX0=@&#8220; text_font_size_tablet=&#8220;30px&#8220; text_font_size_phone=&#8220;24px&#8220; text_font_size_last_edited=&#8220;on|phone&#8220; header_2_font_size_tablet=&#8220;16px&#8220; header_2_font_size_phone=&#8220;14px&#8220; header_2_font_size_last_edited=&#8220;on|phone&#8220; locked=&#8220;off&#8220;]<\/p>\n<p>Kontakt<\/p>\n<p>[\/et_pb_text][\/et_pb_column][\/et_pb_row][\/et_pb_section][et_pb_section fb_built=&#8220;1&#8243; custom_padding_last_edited=&#8220;off|desktop&#8220; admin_label=&#8220;Content Titel&#8220; _builder_version=&#8220;4.9.2&#8243; custom_padding=&#8220;0px||0px||true|false&#8220; custom_padding_tablet=&#8220;60px||60px||true|false&#8220; custom_padding_phone=&#8220;40px||40px||true|false&#8220; locked=&#8220;off&#8220;][et_pb_row use_custom_gutter=&#8220;on&#8220; gutter_width=&#8220;2&#8243; make_equal=&#8220;on&#8220; custom_padding_last_edited=&#8220;off|desktop&#8220; _builder_version=&#8220;4.4.7&#8243; max_width=&#8220;1200px&#8220; custom_padding=&#8220;6%|4%|6%|4%|true|true&#8220; custom_padding_tablet=&#8220;50px||50px|30px|false|false&#8220; border_width_left=&#8220;8px&#8220; border_color_left=&#8220;#F4F4F5&#8243;][et_pb_column type=&#8220;4_4&#8243; _builder_version=&#8220;4.4.6&#8243;][et_pb_text admin_label=&#8220;Aus einer Hand: Fliesenleger und Maurer&#8220; _builder_version=&#8220;4.9.2&#8243; text_text_color=&#8220;#3B3B3A&#8220; text_font_size=&#8220;2.6rem&#8220; text_line_height=&#8220;1.4em&#8220; header_font_size=&#8220;4rem&#8220; header_line_height=&#8220;1.5em&#8220; header_6_font=&#8220;Heebo|700||on|||||&#8220; header_6_letter_spacing=&#8220;3px&#8220; header_6_line_height=&#8220;2em&#8220; background_layout=&#8220;dark&#8220; text_font_size_tablet=&#8220;2.2rem&#8220; text_font_size_phone=&#8220;1.9rem&#8220; text_font_size_last_edited=&#8220;on|phone&#8220; header_font_size_tablet=&#8220;2.5rem&#8220; header_font_size_phone=&#8220;1.6rem&#8220; header_font_size_last_edited=&#8220;on|phone&#8220; header_line_height_tablet=&#8220;&#8220; header_line_height_phone=&#8220;&#8220; header_line_height_last_edited=&#8220;on|phone&#8220; locked=&#8220;off&#8220;]<\/p>\n<p>Aus einer Hand: Fliesenleger und Maurer<\/p>\n<p>[\/et_pb_text][\/et_pb_column][\/et_pb_row][\/et_pb_section][et_pb_section fb_built=&#8220;1&#8243; admin_label=&#8220;Content Text&#8220; _builder_version=&#8220;4.9.2&#8243; custom_padding=&#8220;0px||0px||true|false&#8220;][et_pb_row column_structure=&#8220;3_4,1_4&#8243; use_custom_gutter=&#8220;on&#8220; gutter_width=&#8220;2&#8243; make_equal=&#8220;on&#8220; custom_padding_last_edited=&#8220;off|desktop&#8220; _builder_version=&#8220;4.6.0&#8243; max_width=&#8220;1200px&#8220; custom_padding=&#8220;0px||||false|false&#8220; custom_padding_tablet=&#8220;|||30px|false|false&#8220;][et_pb_column type=&#8220;3_4&#8243; _builder_version=&#8220;4.4.7&#8243; background_color=&#8220;#f4f4f5&#8243; custom_padding=&#8220;6%|6%|6%|6%|true|true&#8220;][et_pb_text admin_label=&#8220;Schnell und gr\u00fcndlich, sauber und gut koordiniert.&#8220; _builder_version=&#8220;4.9.2&#8243; _module_preset=&#8220;default&#8220; text_font=&#8220;||||||||&#8220; text_text_color=&#8220;#3b3b3a&#8220; text_font_size=&#8220;1.2rem&#8220; text_line_height=&#8220;2em&#8220; text_font_size_tablet=&#8220;1.1rem&#8220; text_font_size_phone=&#8220;1rem&#8220; text_font_size_last_edited=&#8220;on|phone&#8220;]<\/p>\n<p>Schnell und gr\u00fcndlich, sauber und gut koordiniert. Die Sanierung oder der Umbau von bestehenden B\u00e4dern ist herausfordernd und verlangt fachliche Kompetenz und Erfahrung.<br \/>Bei uns kommt vieles aus einer Hand: Abtragen von Fliesen und B\u00f6den, Verputzen der W\u00e4nde, der neue Estrich, Einmauern der Badewanne, Abdichtung der Dusche, Lieferung und Verlegung der Fliesen oder der Natursteinverkleidung.<br \/>Eine bew\u00e4hrte Zusammenarbeit mit erfahrenen Hydraulikerfirmen erm\u00f6glicht kurze Bauzeiten und reibungslose Arbeitsabl\u00e4ufe.<\/p>\n<p>[\/et_pb_text][\/et_pb_column][et_pb_column type=&#8220;1_4&#8243; _builder_version=&#8220;4.6.0&#8243; background_color=&#8220;#c01710&#8243;][\/et_pb_column][\/et_pb_row][et_pb_row _builder_version=&#8220;4.9.4&#8243; _module_preset=&#8220;default&#8220;][et_pb_column _builder_version=&#8220;4.9.4&#8243; _module_preset=&#8220;default&#8220; type=&#8220;4_4&#8243;][dsm_before_after_image _builder_version=&#8220;4.9.4&#8243; _module_preset=&#8220;default&#8220; title_text=&#8220;WhatsApp Bild 2024-02-15 um 16.25.22_eb5dc21f-fotor-20240215162654&#8243; before_src=&#8220;https:\/\/www.niederkoflerbau.it\/wp-content\/uploads\/WhatsApp-Bild-2024-02-15-um-16.25.22_dd7b61da-fotor-20240215162625.png&#8220; after_src=&#8220;https:\/\/www.niederkoflerbau.it\/wp-content\/uploads\/WhatsApp-Bild-2024-02-15-um-16.25.22_eb5dc21f-fotor-20240215162654.png&#8220; default_offset_pct=&#8220;0.3&#8243; hover_enabled=&#8220;0&#8243; sticky_enabled=&#8220;0&#8243;][\/dsm_before_after_image][et_pb_blurb title=&#8220;Info&#8220; image=&#8220;https:\/\/www.niederkoflerbau.it\/wp-content\/uploads\/2020\/07\/cropped-niederkofler-bau-favicon-512px.png&#8220; _builder_version=&#8220;4.9.4&#8243; _module_preset=&#8220;default&#8220; icon_placement=&#8220;left&#8220; title_text=&#8220;cropped-niederkofler-bau-favicon-512px.png&#8220; hover_enabled=&#8220;0&#8243; sticky_enabled=&#8220;0&#8243;]<\/p>\n<p>Bewegen Sie den Regler um das Bad vor und nach der Sanierung zu betrachten<\/p>\n<p>[\/et_pb_blurb][\/et_pb_column][\/et_pb_row][\/et_pb_section][et_pb_section fb_built=&#8220;1&#8243; admin_label=&#8220;Blog&#8220; _builder_version=&#8220;4.4.7&#8243; locked=&#8220;off&#8220;][et_pb_row _builder_version=&#8220;4.2.2&#8243; background_enable_color=&#8220;off&#8220; locked=&#8220;off&#8220;][et_pb_column type=&#8220;4_4&#8243; _builder_version=&#8220;4.2.2&#8243;][et_pb_text _builder_version=&#8220;4.7.4&#8243; header_font_size=&#8220;4rem&#8220; header_line_height=&#8220;1.5em&#8220; header_2_font_size=&#8220;2.5rem&#8220; header_2_line_height=&#8220;2em&#8220; header_3_font_size=&#8220;2.5rem&#8220; header_3_line_height=&#8220;2em&#8220; header_6_font=&#8220;Heebo|700||on|||||&#8220; header_6_letter_spacing=&#8220;3px&#8220; header_6_line_height=&#8220;2em&#8220; custom_padding_tablet=&#8220;|||0px|false|false&#8220; custom_padding_last_edited=&#8220;off|desktop&#8220; header_font_size_tablet=&#8220;2.5rem&#8220; header_font_size_phone=&#8220;1.6rem&#8220; header_font_size_last_edited=&#8220;on|phone&#8220; header_line_height_tablet=&#8220;&#8220; header_line_height_phone=&#8220;&#8220; header_line_height_last_edited=&#8220;on|phone&#8220; header_2_font_size_tablet=&#8220;2rem&#8220; header_2_font_size_phone=&#8220;1.7rem&#8220; header_2_font_size_last_edited=&#8220;on|desktop&#8220; header_3_font_size_tablet=&#8220;2rem&#8220; header_3_font_size_phone=&#8220;1.7rem&#8220; header_3_font_size_last_edited=&#8220;on|desktop&#8220; locked=&#8220;off&#8220;]<\/p>\n<h3>Neueste Blog-Beitr\u00e4ge<\/h3>\n<p>[\/et_pb_text][et_pb_blog fullwidth=&#8220;off&#8220; posts_number=&#8220;3&#8243; use_manual_excerpt=&#8220;off&#8220; show_author=&#8220;off&#8220; show_date=&#8220;off&#8220; show_categories=&#8220;off&#8220; show_pagination=&#8220;off&#8220; use_overlay=&#8220;on&#8220; overlay_icon_color=&#8220;#000000&#8243; _builder_version=&#8220;4.4.7&#8243; header_font=&#8220;Heebo|900|||||||&#8220; header_line_height=&#8220;1.3em&#8220; body_font=&#8220;||||||||&#8220; body_line_height=&#8220;2em&#8220; meta_font=&#8220;|700|||||||&#8220; meta_font_size=&#8220;16px&#8220; meta_line_height=&#8220;1.8em&#8220; pagination_font=&#8220;Heebo|900|||||||&#8220; pagination_text_color=&#8220;#000000&#8243; pagination_font_size=&#8220;24px&#8220; pagination_line_height=&#8220;1.8em&#8220; background_enable_color=&#8220;off&#8220; link_option_url=&#8220;#&#8220; header_font_size_tablet=&#8220;20px&#8220; header_font_size_phone=&#8220;18px&#8220; header_font_size_last_edited=&#8220;off|desktop&#8220; body_font_size_tablet=&#8220;14px&#8220; body_font_size_phone=&#8220;14px&#8220; body_font_size_last_edited=&#8220;off|desktop&#8220; body_line_height_phone=&#8220;1.6em&#8220; body_line_height_last_edited=&#8220;off|desktop&#8220; meta_font_size_tablet=&#8220;14px&#8220; meta_font_size_phone=&#8220;&#8220; meta_font_size_last_edited=&#8220;on|phone&#8220; pagination_font_size_tablet=&#8220;20px&#8220; pagination_font_size_phone=&#8220;16px&#8220; pagination_font_size_last_edited=&#8220;on|phone&#8220; border_width_all=&#8220;0px&#8220;][\/et_pb_blog][\/et_pb_column][\/et_pb_row][\/et_pb_section]<\/p>\n","protected":false},"excerpt":{"rendered":"<p>Badsanierung &#038; MaurerarbeitenKontaktAus einer Hand: Fliesenleger und MaurerSchnell und gr\u00fcndlich, sauber und gut koordiniert. Die Sanierung oder der Umbau von bestehenden B\u00e4dern ist herausfordernd und verlangt fachliche Kompetenz und Erfahrung.Bei uns kommt vieles aus einer Hand: Abtragen von Fliesen und B\u00f6den, Verputzen der W\u00e4nde, der neue Estrich, Einmauern der Badewanne, Abdichtung der Dusche, Lieferung und [&hellip;]<\/p>\n","protected":false},"author":1,"featured_media":0,"parent":0,"menu_order":0,"comment_status":"closed","ping_status":"closed","template":"","meta":{"_et_pb_use_builder":"on","_et_pb_old_content":"","_et_gb_content_width":"","footnotes":""},"_links":{"self":[{"href":"https:\/\/www.niederkoflerbau.it\/de\/wp-json\/wp\/v2\/pages\/871"}],"collection":[{"href":"https:\/\/www.niederkoflerbau.it\/de\/wp-json\/wp\/v2\/pages"}],"about":[{"href":"https:\/\/www.niederkoflerbau.it\/de\/wp-json\/wp\/v2\/types\/page"}],"author":[{"embeddable":true,"href":"https:\/\/www.niederkoflerbau.it\/de\/wp-json\/wp\/v2\/users\/1"}],"replies":[{"embeddable":true,"href":"https:\/\/www.niederkoflerbau.it\/de\/wp-json\/wp\/v2\/comments?post=871"}],"version-history":[{"count":25,"href":"https:\/\/www.niederkoflerbau.it\/de\/wp-json\/wp\/v2\/pages\/871\/revisions"}],"predecessor-version":[{"id":2671,"href":"https:\/\/www.niederkoflerbau.it\/de\/wp-json\/wp\/v2\/pages\/871\/revisions\/2671"}],"wp:attachment":[{"href":"https:\/\/www.niederkoflerbau.it\/de\/wp-json\/wp\/v2\/media?parent=871"}],"curies":[{"name":"wp","href":"https:\/\/api.w.org\/{rel}","templated":true}]}}